{"id":3,"date":"2009-02-20T23:29:49","date_gmt":"2009-02-20T22:29:49","guid":{"rendered":"http:\/\/home.agh.edu.pl\/~szkutnik\/?page_id=3"},"modified":"2026-01-27T13:50:46","modified_gmt":"2026-01-27T12:50:46","slug":"rachunek-prawdopodobienstwa","status":"publish","type":"page","link":"https:\/\/home.agh.edu.pl\/~szkutnik\/?page_id=3","title":{"rendered":"Rachunek Prawdopodobie\u0144stwa (zima 2025\/2026)"},"content":{"rendered":"\n\n\n<p><\/p>\n\n\n\n<p><a href=\"http:\/\/home.agh.edu.pl\/~szkutnik\/wp-content\/uploads\/Rp2W15.pdf\">Wyk\u0142ad 15:<\/a> 27.01.2026<\/p>\n\n\n\n<p><a href=\"http:\/\/home.agh.edu.pl\/~szkutnik\/wp-content\/uploads\/RP2W14.pdf\">Wyk\u0142ad 14:<\/a> 20.01.2026<\/p>\n\n\n\n<p><a href=\"http:\/\/home.agh.edu.pl\/~szkutnik\/wp-content\/uploads\/RP2W13.pdf\">Wyk\u0142ad 13:<\/a> 13.01.2026<\/p>\n\n\n\n<p><a href=\"http:\/\/home.agh.edu.pl\/~szkutnik\/wp-content\/uploads\/RP2W12.pdf\">Wyk\u0142ad 12:<\/a> 09.01.2026<\/p>\n\n\n\n<p><a href=\"http:\/\/home.agh.edu.pl\/~szkutnik\/wp-content\/uploads\/RP2W11.pdf\">Wyk\u0142\u0105d 11:<\/a> 16.12.2025<\/p>\n\n\n\n<p><a href=\"http:\/\/home.agh.edu.pl\/~szkutnik\/wp-content\/uploads\/RP2W10.pdf\">Wyk\u0142ad 10:<\/a> 09.12.2025<\/p>\n\n\n\n<p><a href=\"http:\/\/home.agh.edu.pl\/~szkutnik\/wp-content\/uploads\/RP2W9.pdf\">Wyk\u0142ad 9:<\/a> 02.12.2025<\/p>\n\n\n\n<p><a href=\"http:\/\/home.agh.edu.pl\/~szkutnik\/wp-content\/uploads\/RP2W8.pdf\">Wyk\u0142ad 8:<\/a> 25.11.2025<\/p>\n\n\n\n<p><a href=\"http:\/\/home.agh.edu.pl\/~szkutnik\/wp-content\/uploads\/RP2W7.pdf\">Wyk\u0142ad 7:<\/a> 18.11.2025<\/p>\n\n\n\n<p><a href=\"http:\/\/home.agh.edu.pl\/~szkutnik\/wp-content\/uploads\/RP2W6.pdf\">Wyk\u0142ad 6:<\/a> 12.11.2025<\/p>\n\n\n\n<p><a href=\"http:\/\/home.agh.edu.pl\/~szkutnik\/wp-content\/uploads\/RP2W5.pdf\">Wyk\u0142ad 5:<\/a> 04.11.2025<\/p>\n\n\n\n<p><a href=\"http:\/\/home.agh.edu.pl\/~szkutnik\/wp-content\/uploads\/RP2W4.pdf\">Wyk\u0142ad 4:<\/a> 28.10.2025<\/p>\n\n\n\n<p><a href=\"http:\/\/home.agh.edu.pl\/~szkutnik\/wp-content\/uploads\/RP2W3.pdf\">Wyk\u0142ad 3:<\/a> 21.10.2025<\/p>\n\n\n\n<p><a href=\"http:\/\/home.agh.edu.pl\/~szkutnik\/wp-content\/uploads\/RP2W2.pdf\">Wyk\u0142ad 2:<\/a> 14.10.2025<\/p>\n\n\n\n<p><a href=\"http:\/\/home.agh.edu.pl\/~szkutnik\/wp-content\/uploads\/RP2W1.pdf\">Wyk\u0142ad 1<\/a>: 07.10.2025<\/p>\n\n\n\n<p><\/p>\n","protected":false},"excerpt":{"rendered":"<p>Wyk\u0142ad 15: 27.01.2026 Wyk\u0142ad 14: 20.01.2026 Wyk\u0142ad 13: 13.01.2026 Wyk\u0142ad 12: 09.01.2026 Wyk\u0142\u0105d 11: 16.12.2025 Wyk\u0142ad 10: 09.12.2025 Wyk\u0142ad 9: 02.12.2025 Wyk\u0142ad 8: 25.11.2025 Wyk\u0142ad 7: 18.11.2025 Wyk\u0142ad 6: 12.11.2025 Wyk\u0142ad 5: 04.11.2025 Wyk\u0142ad 4: 28.10.2025 Wyk\u0142ad 3: 21.10.2025 Wyk\u0142ad 2: 14.10.2025 Wyk\u0142ad 1: 07.10.2025<\/p>\n","protected":false},"author":1,"featured_media":0,"parent":0,"menu_order":0,"comment_status":"closed","ping_status":"open","template":"","meta":[],"_links":{"self":[{"href":"https:\/\/home.agh.edu.pl\/~szkutnik\/index.php?rest_route=\/wp\/v2\/pages\/3"}],"collection":[{"href":"https:\/\/home.agh.edu.pl\/~szkutnik\/index.php?rest_route=\/wp\/v2\/pages"}],"about":[{"href":"https:\/\/home.agh.edu.pl\/~szkutnik\/index.php?rest_route=\/wp\/v2\/types\/page"}],"author":[{"embeddable":true,"href":"https:\/\/home.agh.edu.pl\/~szkutnik\/index.php?rest_route=\/wp\/v2\/users\/1"}],"replies":[{"embeddable":true,"href":"https:\/\/home.agh.edu.pl\/~szkutnik\/index.php?rest_route=%2Fwp%2Fv2%2Fcomments&post=3"}],"version-history":[{"count":391,"href":"https:\/\/home.agh.edu.pl\/~szkutnik\/index.php?rest_route=\/wp\/v2\/pages\/3\/revisions"}],"predecessor-version":[{"id":2530,"href":"https:\/\/home.agh.edu.pl\/~szkutnik\/index.php?rest_route=\/wp\/v2\/pages\/3\/revisions\/2530"}],"wp:attachment":[{"href":"https:\/\/home.agh.edu.pl\/~szkutnik\/index.php?rest_route=%2Fwp%2Fv2%2Fmedia&parent=3"}],"curies":[{"name":"wp","href":"https:\/\/api.w.org\/{rel}","templated":true}]}}