{"id":21,"date":"2014-01-12T17:29:13","date_gmt":"2014-01-12T16:29:13","guid":{"rendered":"http:\/\/home.agh.edu.pl\/~waldek\/?page_id=21"},"modified":"2025-01-11T19:39:02","modified_gmt":"2025-01-11T18:39:02","slug":"glpk","status":"publish","type":"page","link":"https:\/\/home.agh.edu.pl\/~waldek\/glpk\/","title":{"rendered":"GLPK"},"content":{"rendered":"<h3>GLPK (GNU Linear Programming Kit)<\/h3>\n<p>Pakiet program\u00f3w do modelowania i rozwi\u0105zywania zada\u0144 Programowania Liniowego Ca\u0142kowitoliczbowego (PLC):<\/p>\n<ul>\n<li>GLPK (GNU Linear Programming Kit, <a href=\"https:\/\/www.gnu.org\/software\/glpk\/\">https:\/\/www.gnu.org\/software\/glpk\/<\/a>) to biblioteka procedur napisanych w j\u0119zyku C. Udost\u0119pniana jest wraz z gotowym solverem glpsol.exe.\u00a0 GLPK ma w\u0142asny j\u0119zyk modelowania GNU MathProg,\u00a0b\u0119d\u0105cy podzbiorem (prostsz\u0105 wersj\u0105) powszechnie znanego j\u0119zyka <a href=\"http:\/\/www.ampl.com\/\" target=\"_blank\" rel=\"noopener noreferrer\">AMPL (A Mathematical Programming Language)<\/a>.<\/li>\n<li>Edytor SciTE mo\u017cna wykorzystywa\u0107 do edycji modeli opisanych w MathProg i wywo\u0142ywania solvera glpsol.<\/li>\n<li>Plik <a href=\"http:\/\/home.agh.edu.pl\/~waldek\/wp-content\/uploads\/SciTE_GLPK_465.zip\">SciTE_GLPK_465.zip<\/a> (stary: <a href=\"http:\/\/home.agh.edu.pl\/%7Ewaldek\/SciTE_GLPK.zip\">SciTE_GLPK.ZIP<\/a>) zawiera w jednym katalogu zar\u00f3wno edytor SciTE jak solver GLPK, wraz z pe\u0142n\u0105 dokumentacj\u0105 oraz slajdami wyk\u0142adowymi j\u0119zyka MathProg. Aby\u00a0zainstalowa\u0107 SciTE i GLPK trzeba go gdzie\u015b rozpakowa\u0107. Normalnie jest to katalog C:\\Program_Files\\. Nast\u0119pnie do menu Windows lub na pulpicie mo\u017cna doda\u0107 link do pliku SciTE.exe. Gotowe!<\/li>\n<li>Inny pakiet GLPK ze SciTE:\u00a0<a href=\"https:\/\/sourceforge.net\/projects\/gusek\/\">https:\/\/sourceforge.net\/projects\/gusek\/<\/a><\/li>\n<li>Wiele informcji mo\u017cna znale\u017a\u0107 na stronie <a href=\"https:\/\/en.wikibooks.org\/wiki\/GLPK\">https:\/\/en.wikibooks.org\/wiki\/GLPK<\/a><\/li>\n<li>W pliku pomocy, wywo\u0142ywanym skr\u00f3tem F1, mo\u017cna znale\u017a\u0107 informacje niezb\u0119dne do edytowania modeli i rozwi\u0105zywania zada\u0144. Ew. problemy prosz\u0119 zg\u0142asza\u0107 na adres: <a href=\"mailto:waldek@agh.edu.pl?subject=GLPK:\" rel=\"me\">waldek@agh.edu.pl<\/a><\/li>\n<\/ul>\n<p>GLPK and SciTE with <span style=\"color: #ff0000;\"><strong>English menu<\/strong><\/span>:\u00a0<a href=\"http:\/\/home.agh.edu.pl\/~waldek\/wp-content\/uploads\/SciTE_GLPK_465_en.zip\">SciTE_GLPK_465_en.zip<\/a> (old: <a href=\"http:\/\/home.agh.edu.pl\/~waldek\/wp-content\/uploads\/SciTE_GLPK_EN.zip\">SciTE_GLPK_EN.zip<\/a>). Just download, unpack and run SciTE.exe.<\/p>\n<ul>\n<li>Documentation is available in directory glpk\\doc<\/li>\n<li>A lot of additional info is on the page: <a href=\"https:\/\/en.wikibooks.org\/wiki\/GLPK\">https:\/\/en.wikibooks.org\/wiki\/GLPK<\/a><\/li>\n<\/ul>\n","protected":false},"excerpt":{"rendered":"<p>GLPK (GNU Linear Programming Kit) Pakiet program\u00f3w do modelowania i rozwi\u0105zywania zada\u0144 Programowania Liniowego Ca\u0142kowitoliczbowego (PLC): GLPK (GNU Linear Programming Kit, https:\/\/www.gnu.org\/software\/glpk\/) to biblioteka procedur napisanych w j\u0119zyku C. Udost\u0119pniana jest wraz z gotowym solverem glpsol.exe.\u00a0 GLPK ma w\u0142asny j\u0119zyk modelowania GNU MathProg,\u00a0b\u0119d\u0105cy podzbiorem (prostsz\u0105 wersj\u0105) powszechnie znanego j\u0119zyka AMPL (A Mathematical Programming Language). Edytor&hellip;<\/p>\n","protected":false},"author":1,"featured_media":0,"parent":0,"menu_order":0,"comment_status":"closed","ping_status":"closed","template":"","meta":[],"_links":{"self":[{"href":"https:\/\/home.agh.edu.pl\/~waldek\/wp-json\/wp\/v2\/pages\/21"}],"collection":[{"href":"https:\/\/home.agh.edu.pl\/~waldek\/wp-json\/wp\/v2\/pages"}],"about":[{"href":"https:\/\/home.agh.edu.pl\/~waldek\/wp-json\/wp\/v2\/types\/page"}],"author":[{"embeddable":true,"href":"https:\/\/home.agh.edu.pl\/~waldek\/wp-json\/wp\/v2\/users\/1"}],"replies":[{"embeddable":true,"href":"https:\/\/home.agh.edu.pl\/~waldek\/wp-json\/wp\/v2\/comments?post=21"}],"version-history":[{"count":15,"href":"https:\/\/home.agh.edu.pl\/~waldek\/wp-json\/wp\/v2\/pages\/21\/revisions"}],"predecessor-version":[{"id":702,"href":"https:\/\/home.agh.edu.pl\/~waldek\/wp-json\/wp\/v2\/pages\/21\/revisions\/702"}],"wp:attachment":[{"href":"https:\/\/home.agh.edu.pl\/~waldek\/wp-json\/wp\/v2\/media?parent=21"}],"curies":[{"name":"wp","href":"https:\/\/api.w.org\/{rel}","templated":true}]}}