{"id":41,"date":"2014-01-12T17:37:39","date_gmt":"2014-01-12T16:37:39","guid":{"rendered":"http:\/\/home.agh.edu.pl\/~waldek\/?page_id=41"},"modified":"2025-07-20T18:09:02","modified_gmt":"2025-07-20T16:09:02","slug":"strona-glowna-2","status":"publish","type":"page","link":"https:\/\/home.agh.edu.pl\/~waldek\/","title":{"rendered":"Strona g\u0142\u00f3wna"},"content":{"rendered":"<p style=\"background-color: rgba(0, 0, 0, 0) !important;\" data-darkreader-inline-bgcolor=\"\"><strong style=\"background-color: rgba(0, 0, 0, 0) !important;\" data-darkreader-inline-bgcolor=\"\"><a style=\"background-color: rgba(0, 0, 0, 0) !important;\" href=\"http:\/\/home.agh.edu.pl\/~waldek\/wp-content\/uploads\/Waldek_Kaczmarczyk_ma\u0142e_2016-01-09-1.jpg\" data-darkreader-inline-bgcolor=\"\"><img loading=\"lazy\" class=\"wp-image-284 alignnone\" style=\"background-color: rgba(0, 0, 0, 0) !important;\" src=\"http:\/\/home.agh.edu.pl\/~waldek\/wp-content\/uploads\/Waldek_Kaczmarczyk_ma\u0142e_2016-01-09-1.jpg\" alt=\"\" width=\"113\" height=\"146\" data-darkreader-inline-bgcolor=\"\" \/><\/a><br style=\"background-color: rgba(0, 0, 0, 0) !important;\" data-darkreader-inline-bgcolor=\"\" \/><\/strong><\/p>\n<h2 style=\"background-color: rgba(0, 0, 0, 0) !important;\" data-darkreader-inline-bgcolor=\"\">dr hab. in\u017c. Waldemar Kaczmarczyk<\/h2>\n<p style=\"background-color: rgba(0, 0, 0, 0) !important;\" data-darkreader-inline-bgcolor=\"\">Akademia G\u00f3rniczo-Hutnicza<br style=\"background-color: rgba(0, 0, 0, 0) !important;\" data-darkreader-inline-bgcolor=\"\" \/>Wydzia\u0142 Zarz\u0105dzania<br style=\"background-color: rgba(0, 0, 0, 0) !important;\" data-darkreader-inline-bgcolor=\"\" \/>Katedra Bada\u0144 Operacyjnych<\/p>\n<p style=\"background-color: rgba(0, 0, 0, 0) !important;\" data-darkreader-inline-bgcolor=\"\"><a style=\"background-color: rgba(0, 0, 0, 0) !important;\" href=\"https:\/\/scholar.google.pl\/citations?user=oTo9O1gAAAAJ&amp;hl=pl\" data-darkreader-inline-bgcolor=\"\">M\u00f3j profil na Google Scholar<\/a><\/p>\n<p style=\"background-color: rgba(0, 0, 0, 0) !important;\" data-darkreader-inline-bgcolor=\"\">Termin konsultacji na stronie <a href=\"https:\/\/home.agh.edu.pl\/~waldek\/dydaktyka\/\">Dydaktyka<\/a><\/p>\n<p><a href=\"https:\/\/www.youtube.com\/watch?v=BC_1c_SEGwM&amp;ab_channel=ProduktyMedyczne\">https:\/\/www.youtube.com\/watch?v=BC_1c_SEGwM&amp;ab_channel=ProduktyMedyczne<\/a><\/p>\n<p><a href=\"https:\/\/www.youtube.com\/watch?v=_32NKG0Net4&amp;t=74s&amp;ab_channel=PerVita24-Polska\">https:\/\/www.youtube.com\/watch?v=_32NKG0Net4&amp;t=74s&amp;ab_channel=PerVita24-Polska<\/a><\/p>\n<p><strong><a href=\"https:\/\/www.med.drewmebi.pl\/sprzt-uywany\/63-uzywany-podnosnik-dzwig-dla-osob-niepelnosprawnych-transportowy-elektryczny.html\">https:\/\/www.med.drewmebi.pl\/sprzt-uywany\/63-uzywany-podnosnik-dzwig-dla-osob-niepelnosprawnych-transportowy-elektryczny.html<\/a><\/strong><\/p>\n<p><a href=\"https:\/\/medicmed.pl\/podnosniki-rehabilitacyjne\/68-278-podnosnik-pacjenta-transportowy-aks-foldy-mini.html?gad_source=1&amp;gad_campaignid=22254093482&amp;gbraid=0AAAAA-Cscv5WhAHCGoIrq84czk3bnxmBf&amp;gclid=CjwKCAjwp_LDBhBCEiwAK7FnkiY4zhfn_G0yDJJxXbdo3yvF3hBuurIkcXFLrSGnwu2pj4dPRCHFgBoCJXMQAvD_BwE#\/kolor-zielony\">https:\/\/medicmed.pl\/podnosniki-rehabilitacyjne\/68-278-podnosnik-pacjenta-transportowy-aks-foldy-mini.html?gad_source=1&amp;gad_campaignid=22254093482&amp;gbraid=0AAAAA-Cscv5WhAHCGoIrq84czk3bnxmBf&amp;gclid=CjwKCAjwp_LDBhBCEiwAK7FnkiY4zhfn_G0yDJJxXbdo3yvF3hBuurIkcXFLrSGnwu2pj4dPRCHFgBoCJXMQAvD_BwE#\/kolor-zielony<\/a><\/p>\n\n\n<p><\/p>\n","protected":false},"excerpt":{"rendered":"<p>dr hab. in\u017c. Waldemar Kaczmarczyk Akademia G\u00f3rniczo-HutniczaWydzia\u0142 Zarz\u0105dzaniaKatedra Bada\u0144 Operacyjnych M\u00f3j profil na Google Scholar Termin konsultacji na stronie Dydaktyka https:\/\/www.youtube.com\/watch?v=BC_1c_SEGwM&amp;ab_channel=ProduktyMedyczne https:\/\/www.youtube.com\/watch?v=_32NKG0Net4&amp;t=74s&amp;ab_channel=PerVita24-Polska https:\/\/www.med.drewmebi.pl\/sprzt-uywany\/63-uzywany-podnosnik-dzwig-dla-osob-niepelnosprawnych-transportowy-elektryczny.html https:\/\/medicmed.pl\/podnosniki-rehabilitacyjne\/68-278-podnosnik-pacjenta-transportowy-aks-foldy-mini.html?gad_source=1&amp;gad_campaignid=22254093482&amp;gbraid=0AAAAA-Cscv5WhAHCGoIrq84czk3bnxmBf&amp;gclid=CjwKCAjwp_LDBhBCEiwAK7FnkiY4zhfn_G0yDJJxXbdo3yvF3hBuurIkcXFLrSGnwu2pj4dPRCHFgBoCJXMQAvD_BwE#\/kolor-zielony<\/p>\n","protected":false},"author":1,"featured_media":0,"parent":0,"menu_order":0,"comment_status":"closed","ping_status":"closed","template":"","meta":[],"_links":{"self":[{"href":"https:\/\/home.agh.edu.pl\/~waldek\/wp-json\/wp\/v2\/pages\/41"}],"collection":[{"href":"https:\/\/home.agh.edu.pl\/~waldek\/wp-json\/wp\/v2\/pages"}],"about":[{"href":"https:\/\/home.agh.edu.pl\/~waldek\/wp-json\/wp\/v2\/types\/page"}],"author":[{"embeddable":true,"href":"https:\/\/home.agh.edu.pl\/~waldek\/wp-json\/wp\/v2\/users\/1"}],"replies":[{"embeddable":true,"href":"https:\/\/home.agh.edu.pl\/~waldek\/wp-json\/wp\/v2\/comments?post=41"}],"version-history":[{"count":81,"href":"https:\/\/home.agh.edu.pl\/~waldek\/wp-json\/wp\/v2\/pages\/41\/revisions"}],"predecessor-version":[{"id":713,"href":"https:\/\/home.agh.edu.pl\/~waldek\/wp-json\/wp\/v2\/pages\/41\/revisions\/713"}],"wp:attachment":[{"href":"https:\/\/home.agh.edu.pl\/~waldek\/wp-json\/wp\/v2\/media?parent=41"}],"curies":[{"name":"wp","href":"https:\/\/api.w.org\/{rel}","templated":true}]}}