{"id":56,"date":"2014-01-12T17:57:40","date_gmt":"2014-01-12T16:57:40","guid":{"rendered":"http:\/\/home.agh.edu.pl\/~waldek\/?page_id=56"},"modified":"2014-03-10T08:44:25","modified_gmt":"2014-03-10T07:44:25","slug":"monografia","status":"publish","type":"page","link":"https:\/\/home.agh.edu.pl\/~waldek\/monografia\/","title":{"rendered":"Monografia"},"content":{"rendered":"<div>\n<p>Materia\u0142y pomocnicze dla czytelnik\u00f3w monografii <em><strong>Wybrane modele planowania wielko\u015bci i szeregowania partii produkcyjnych<\/strong><\/em> wydanej w 2011 roku przez Wydawnictwa AGH w serii <em>Rozprawy i Monografie <\/em>pod numerem 223.<\/p>\n<\/div>\n<p><a href=\"http:\/\/home.agh.edu.pl\/%7Ewaldek\/wp-content\/uploads\/maxi_p155131383.jpg\"><img loading=\"lazy\" class=\"alignnone size-full wp-image-91\" alt=\"maxi_p155131383\" src=\"http:\/\/home.agh.edu.pl\/%7Ewaldek\/wp-content\/uploads\/maxi_p155131383.jpg\" width=\"120\" height=\"176\" \/><\/a><\/p>\n<div>\n<p>Modele zosta\u0142y zapisane w j\u0119zyku GNU MathProg, wchodz\u0105cym w sk\u0142ad darmowego oprogramowania <a href=\"http:\/\/www.gnu.org\/s\/glpk\/\" target=\"_blank\">GNU Linear Programming Kit (GLPK)<\/a>. Pakiet GLPK wraz ze spolonizowanym <a href=\"http:\/\/www.scintilla.org\/SciTE.html\" target=\"_blank\">edytorem SciTE<\/a> mo\u017cna \u015bci\u0105gn\u0105\u0107 ze strony <a title=\"GLPK\" href=\"http:\/\/home.agh.edu.pl\/%7Ewaldek\/glpk\/\" target=\"_blank\">home.agh.edu.pl\/waldek\/glpk<\/a>.<br \/>\nInstrukcj\u0119 u\u017cywania GLPK w pakiecie ze SciTE mo\u017cna znale\u017a\u0107 mo\u017cna w pomocy SciTE.<\/p>\n<\/div>\n<div>\nModele i wyniki oblicze\u0144 zapisane s\u0105 w kilku r\u00f3\u017cnych rodzajach plik\u00f3w. Plikami \u017ar\u00f3d\u0142owymi s\u0105:<\/div>\n<table border=\"0\" cellspacing=\"2\" cellpadding=\"2\">\n<tbody>\n<col width=\"10\">\n<col width=\"10\">\n<tr>\n<td><\/td>\n<td><\/td>\n<td><\/td>\n<\/tr>\n<tr>\n<td>*.mod<\/td>\n<td>\u2013<\/td>\n<td>uog\u00f3lniony model zadania,<\/td>\n<\/tr>\n<tr>\n<td>*.dat<\/td>\n<td>\u2013<\/td>\n<td>dane.<\/td>\n<\/tr>\n<\/tbody>\n<\/table>\n<div>\nNa podstawie tych plik\u00f3w solver GLPK (glpsol.exe) tworzy kolejne:\n<\/div>\n<table border=\"0\" cellspacing=\"2\" cellpadding=\"2\">\n<tbody>\n<col width=\"10\">\n<col width=\"10\">\n<tr>\n<td><\/td>\n<td><\/td>\n<td><\/td>\n<\/tr>\n<tr>\n<td>*.dis<\/td>\n<td>\u2013<\/td>\n<td>warto\u015bci parametr\u00f3w wyliczanych (bez optymalizacji), drukowane poleceniem display zapisanym w pliku *.mod,<\/td>\n<\/tr>\n<tr>\n<td>*.txt<\/td>\n<td>\u2013<\/td>\n<td>szczeg\u00f3\u0142owy model zadania,<\/td>\n<\/tr>\n<tr>\n<td>*.log<\/td>\n<td>\u2013<\/td>\n<td>zapis przebiegu oblicze\u0144,<\/td>\n<\/tr>\n<tr>\n<td>*.out<\/td>\n<td>\u2013<\/td>\n<td>standardowy wydruk wynik\u00f3w oblicze\u0144 solvera GLPK,<\/td>\n<\/tr>\n<tr>\n<td>*.csv<\/td>\n<td>\u2013<\/td>\n<td>wydruk wynik\u00f3w oblicze\u0144 w polskiej wersji formatu CSV (ang. comma separated values) zdefiniowany w pliku *.mod.<\/td>\n<\/tr>\n<\/tbody>\n<\/table>\n<div>Na koniec, aby przyjrze\u0107 si\u0119 rozwi\u0105zaniu, mo\u017cna wykorzysta\u0107 przygotowany plik Excela:<\/div>\n<table border=\"0\" cellspacing=\"2\" cellpadding=\"2\">\n<tbody>\n<col width=\"10\">\n<col width=\"10\">\n<tr>\n<td><\/td>\n<td><\/td>\n<td><\/td>\n<\/tr>\n<tr>\n<td>*.xls<\/td>\n<td>\u2013<\/td>\n<td>tabele przestawne przetwarzaj\u0105ce dane z pliku *.csv.<\/td>\n<\/tr>\n<\/tbody>\n<\/table>\n<p><a href=\"http:\/\/home.agh.edu.pl\/~waldek\/Rozdz_1.zip\">Rozdz_1.zip<\/a>: Modele ULSP: standardowy, bez zmiennych zapas\u00f3w, sformu\u0142owanie wielotowarowe i z nier\u00f3wno\u015bciami odcinaj\u0105cymi. Jeden wsp\u00f3lny plik danych.<\/p>\n<p><a href=\"http:\/\/home.agh.edu.pl\/~waldek\/Rozdz_2.zip\">Rozdz_2.zip<\/a> : Modele z d\u0142ugimi okresami (tygodnie) CLSP i CLSPL, oraz modele z kr\u00f3tkimi okresami (dni) CSLP, PLSP i PLSP\/E.\u00a0Jeden wsp\u00f3lny plik danych: niezerowy popyt i naliczanie koszt\u00f3w utrzymywania zapas\u00f3w tylko na koniec tygodni. Zadania z d\u0142ugimi okresami zostan\u0105 szybciej rozwi\u0105zane je\u017celi solver GLPK zostanie uruchomiony z opcj\u0105 &#8211;cuts, a z kr\u00f3tkimi z opcj\u0105 &#8211;intopt.<\/p>\n<p><a href=\"http:\/\/home.agh.edu.pl\/~waldek\/Rozdz_4.zip\">Rozdz_4.zip<\/a>: Modele z identycznymi maszynami r\u00f3wnoleg\u0142ymi: ca\u0142kowitoliczbowy CLSP, binarny i ca\u0142kowitoliczbowy PLSP.<\/p>\n<p><a href=\"http:\/\/home.agh.edu.pl\/~waldek\/Rozdz_6_2.zip\">Rozdz_6_2.zip<\/a> :\u00a0Modele\u00a0zadania koordynacji plan\u00f3w produkcji i dystrybucji w systemie planowania zapasami przez dostawc\u0119 (ang. Vendor Managed Inventory, VMI). Bardziej szczeg\u00f3\u0142owy opis modeli i instrukcja ich wykorzystania znajduj\u0105 si\u0119 w pliku VMI_Instrukcja.html.<\/p>\n<p>Licznik odwiedzin:\u00a0 <a href=\"http:\/\/www.programuj.com\/liczniki\/darmowe.php?p=stats&amp;id=waldek_lss\" target=\"_blank\">338<\/a><\/p>\n","protected":false},"excerpt":{"rendered":"<p>Materia\u0142y pomocnicze dla czytelnik\u00f3w monografii Wybrane modele planowania wielko\u015bci i szeregowania partii produkcyjnych wydanej w 2011 roku przez Wydawnictwa AGH w serii Rozprawy i Monografie pod numerem 223. Modele zosta\u0142y zapisane w j\u0119zyku GNU MathProg, wchodz\u0105cym w sk\u0142ad darmowego oprogramowania GNU Linear Programming Kit (GLPK). Pakiet GLPK wraz ze spolonizowanym edytorem SciTE mo\u017cna \u015bci\u0105gn\u0105\u0107 ze&hellip;<\/p>\n","protected":false},"author":1,"featured_media":0,"parent":0,"menu_order":0,"comment_status":"closed","ping_status":"closed","template":"","meta":[],"_links":{"self":[{"href":"https:\/\/home.agh.edu.pl\/~waldek\/wp-json\/wp\/v2\/pages\/56"}],"collection":[{"href":"https:\/\/home.agh.edu.pl\/~waldek\/wp-json\/wp\/v2\/pages"}],"about":[{"href":"https:\/\/home.agh.edu.pl\/~waldek\/wp-json\/wp\/v2\/types\/page"}],"author":[{"embeddable":true,"href":"https:\/\/home.agh.edu.pl\/~waldek\/wp-json\/wp\/v2\/users\/1"}],"replies":[{"embeddable":true,"href":"https:\/\/home.agh.edu.pl\/~waldek\/wp-json\/wp\/v2\/comments?post=56"}],"version-history":[{"count":38,"href":"https:\/\/home.agh.edu.pl\/~waldek\/wp-json\/wp\/v2\/pages\/56\/revisions"}],"predecessor-version":[{"id":156,"href":"https:\/\/home.agh.edu.pl\/~waldek\/wp-json\/wp\/v2\/pages\/56\/revisions\/156"}],"wp:attachment":[{"href":"https:\/\/home.agh.edu.pl\/~waldek\/wp-json\/wp\/v2\/media?parent=56"}],"curies":[{"name":"wp","href":"https:\/\/api.w.org\/{rel}","templated":true}]}}