{"id":20,"date":"2019-09-16T11:28:53","date_gmt":"2019-09-16T09:28:53","guid":{"rendered":"http:\/\/home.agh.edu.pl\/~zareba\/?page_id=20"},"modified":"2024-11-10T00:23:45","modified_gmt":"2024-11-09T23:23:45","slug":"about-me","status":"publish","type":"page","link":"https:\/\/home.agh.edu.pl\/~zareba\/?page_id=20","title":{"rendered":"About me"},"content":{"rendered":"\n<p><\/p>\n\n\n\n<h2><strong>Dr in\u017c. Mateusz Zar\u0119ba (PhD)<\/strong><\/h2>\n\n\n\n<p>I use DATA SCIENCE to study and understand Earth and climate &#8211; for better environmental problem-solving and smarter city planning. <\/p>\n\n\n\n<p><strong>Contact:<\/strong> <\/p>\n\n\n\n<p>zareba@agh.edu.pl<\/p>\n\n\n\n<p><strong>Phone:<\/strong> <\/p>\n\n\n\n<p>+48 517 480 989<\/p>\n\n\n\n<p><strong>Address: <br><\/strong>Department of Geoinformatics and Applied Computer Science, Faculty of Geology, Geophysics and Environmental Protection, AGH University of Krakow, Adama Mickiewicza 30, 30-059, Krakow, Malopolska, Poland &#8211; A-0,\u00a0III p.,\u00a0pok. 385<\/p>\n\n\n\n<p><a href=\"https:\/\/badap.agh.edu.pl\/autor\/zareba-mateusz-030205\" target=\"_blank\" rel=\"noreferrer noopener\">Publications BPP AGH<\/a><\/p>\n\n\n\n<p><a href=\"https:\/\/www.scopus.com\/authid\/detail.uri?authorId=57203913942\" target=\"_blank\" rel=\"noreferrer noopener\">Scopus<\/a><\/p>\n\n\n\n<p><a href=\"https:\/\/www.webofscience.com\/wos\/author\/record\/S-6242-2019\">ResearcherID<\/a><\/p>\n\n\n\n<p><a href=\"https:\/\/scholar.google.com\/citations?user=SnpIyV4AAAAJ&amp;hl=en\">Google Scholar<\/a><\/p>\n\n\n\n<p>Currently working on: <a href=\"https:\/\/www.nature.com\/articles\/s41598-024-52733-w\">https:\/\/www.nature.com\/articles\/s41598-024-52733-w<\/a> <a href=\"https:\/\/www.nature.com\/articles\/s41598-022-15160-3\">https:\/\/www.nature.com\/articles\/s41598-022-15160-3<\/a><\/p>\n\n\n\n<p>Read about SEG Annual Meeting <a href=\"http:\/\/www.tleonline.org\/theleadingedge\/december_2015\/MobilePagedArticle.action?articleId=970206#articleId970206\">New Orleans 2015<\/a> <\/p>\n\n\n\n<p>Worked as R&amp;D Geophysicist in Geofizyka Krak\u00f3w and Toru\u0144, R&amp;D Geophysical Data Processing Lab Leader in GK Processing, and big data processing specialist. Attained the qualitative and quantitative analytical skills required to be successful in the field through studies and work experience. Works well as a team member or lead member and is a strong advocate for the continuous exchange of knowledge.<\/p>\n\n\n\n<p>2nd Dan Aikido Master and Vice President of International Martial Arts Association &#8211; ZMAA Meiseikai. <\/p>\n\n\n\n<p><br><br><\/p>\n\n\n\n<div class=\"wp-block-image\"><figure class=\"aligncenter is-resized\"><img loading=\"lazy\" src=\"http:\/\/home.agh.edu.pl\/~zareba\/wp-content\/uploads\/2019\/10\/14702393_748284611969903_98249431153062598_n.jpg\" alt=\"\" class=\"wp-image-92\" width=\"689\" height=\"517\" srcset=\"https:\/\/home.agh.edu.pl\/~zareba\/wp-content\/uploads\/2019\/10\/14702393_748284611969903_98249431153062598_n.jpg 960w, https:\/\/home.agh.edu.pl\/~zareba\/wp-content\/uploads\/2019\/10\/14702393_748284611969903_98249431153062598_n-300x225.jpg 300w, https:\/\/home.agh.edu.pl\/~zareba\/wp-content\/uploads\/2019\/10\/14702393_748284611969903_98249431153062598_n-768x576.jpg 768w\" sizes=\"(max-width: 689px) 100vw, 689px\" \/><figcaption>Dallas, Texas US 2016 &#8211;  Big, polish team on&nbsp;<a href=\"https:\/\/www.facebook.com\/hashtag\/segam2016?source=feed_text&amp;epa=HASHTAG&amp;__xts__%5B0%5D=68.ARAodqATH_ShUKLFpn0NZiiGpsAEOkeQDxOPtZpc_SKjVUmtBG3i3XLbIGkaqRyI8I3riNtgAsAHseODbtQ6JzarVmmmFEnQ3y020i6iqCuQxXXQCQwkUXvCQRLbH86O4LcY1YycDjt0y47PjL1-BnK4QhKKht0XQ11LLcqMtj5MxD_UsTVqUbiQCa5fcQRZIbYxb8r8DjM746nzi9-JhJmLR1fX915BspWw3109-6DaN6Hn5ajpsR7nkY6DSzp_l29AwDK-GEZaoypj-ATTL7llDWncEpe0VwiQy4J46AtbjUhV-pe2fXNw1TbFw5muZcX6TGxMN6qwsBJhUMkB443KGPachXBWAcmkk6qvP9lrx8w_TzViDi3eMzLYwGBwrkDlPpBOfBXypeIQ12gLda9S33khceOpmKZ3Nec3wgbQ&amp;__tn__=%2ANK-R\">#segam2016<\/a>! <br>From left:&nbsp;Rados\u0142aw Kaczmarzyk&nbsp;(University of Silesia),&nbsp;Anka Donczew&nbsp;(AGH UST),&nbsp;Mateusz Zar\u0119ba&nbsp;(Geofizyka Krak\u00f3w, AGH UST),&nbsp;<a href=\"https:\/\/www.facebook.com\/rzeznik.marynarz?fref=mentions&amp;__xts__%5B0%5D=68.ARAodqATH_ShUKLFpn0NZiiGpsAEOkeQDxOPtZpc_SKjVUmtBG3i3XLbIGkaqRyI8I3riNtgAsAHseODbtQ6JzarVmmmFEnQ3y020i6iqCuQxXXQCQwkUXvCQRLbH86O4LcY1YycDjt0y47PjL1-BnK4QhKKht0XQ11LLcqMtj5MxD_UsTVqUbiQCa5fcQRZIbYxb8r8DjM746nzi9-JhJmLR1fX915BspWw3109-6DaN6Hn5ajpsR7nkY6DSzp_l29AwDK-GEZaoypj-ATTL7llDWncEpe0VwiQy4J46AtbjUhV-pe2fXNw1TbFw5muZcX6TGxMN6qwsBJhUMkB443KGPachXBWAcmkk6qvP9lrx8w_TzViDi3eMzLYwGBwrkDlPpBOfBXypeIQ12gLda9S33khceOpmKZ3Nec3wgbQ&amp;__tn__=K-R\">Ma\u0142gorzata Drwi\u0142a<\/a>&nbsp;(AGH UST),&nbsp;Paulina Kotlarek&nbsp;(PIG), PhD Anna Przebindowska (Baker Hughes),&nbsp;<a href=\"https:\/\/www.facebook.com\/marcin.duda.9849?fref=mentions&amp;__xts__%5B0%5D=68.ARAodqATH_ShUKLFpn0NZiiGpsAEOkeQDxOPtZpc_SKjVUmtBG3i3XLbIGkaqRyI8I3riNtgAsAHseODbtQ6JzarVmmmFEnQ3y020i6iqCuQxXXQCQwkUXvCQRLbH86O4LcY1YycDjt0y47PjL1-BnK4QhKKht0XQ11LLcqMtj5MxD_UsTVqUbiQCa5fcQRZIbYxb8r8DjM746nzi9-JhJmLR1fX915BspWw3109-6DaN6Hn5ajpsR7nkY6DSzp_l29AwDK-GEZaoypj-ATTL7llDWncEpe0VwiQy4J46AtbjUhV-pe2fXNw1TbFw5muZcX6TGxMN6qwsBJhUMkB443KGPachXBWAcmkk6qvP9lrx8w_TzViDi3eMzLYwGBwrkDlPpBOfBXypeIQ12gLda9S33khceOpmKZ3Nec3wgbQ&amp;__tn__=K-R\">Marcin Duda<\/a>&nbsp;(AGH UST, NTNU), PhD Kamila Wawrzyniak-Guz (AGH UST), El\u017cbieta W\u00f3jcik (Max solutions), PhD Krzysztof Sliz (Saudi Arabian Oil Company)  <\/figcaption><\/figure><\/div>\n\n\n\n<div class=\"wp-block-image\"><figure class=\"aligncenter size-large is-resized\"><img loading=\"lazy\" src=\"http:\/\/home.agh.edu.pl\/~zareba\/wp-content\/uploads\/2020\/10\/72195732_2472262932808789_6223236826824441856_o.jpg\" alt=\"\" class=\"wp-image-222\" width=\"431\" height=\"575\" srcset=\"https:\/\/home.agh.edu.pl\/~zareba\/wp-content\/uploads\/2020\/10\/72195732_2472262932808789_6223236826824441856_o.jpg 720w, https:\/\/home.agh.edu.pl\/~zareba\/wp-content\/uploads\/2020\/10\/72195732_2472262932808789_6223236826824441856_o-225x300.jpg 225w\" sizes=\"(max-width: 431px) 100vw, 431px\" \/><figcaption> I got the first prize in a competition \u201cGEOLOGY 2019\u201d run by the Polish Ministry of Environment in category &#8220;Youth&#8221;.<br>Secretary of State, Government Plenipotentiary for the State\u2019s Raw Materials Policy&nbsp;<a href=\"https:\/\/www.linkedin.com\/in\/ACoAAAuZEmwBNBXAtE_3q9EAJT1K_idP5H4FonQ\">Piotr Dziadzio<\/a>&nbsp;PhD gave me an outstanding trophy made of striped flint from the&nbsp;<a href=\"https:\/\/www.linkedin.com\/company\/unesco\/\">UNESCO<\/a>&nbsp;list region &#8211; Krzemionki Opatowskie. <\/figcaption><\/figure><\/div>\n\n\n\n<div class=\"wp-block-image\"><figure class=\"aligncenter is-resized\"><img loading=\"lazy\" src=\"http:\/\/home.agh.edu.pl\/~zareba\/wp-content\/uploads\/2019\/10\/zareba6.jpeg\" alt=\"\" class=\"wp-image-93\" width=\"377\" height=\"503\" srcset=\"https:\/\/home.agh.edu.pl\/~zareba\/wp-content\/uploads\/2019\/10\/zareba6.jpeg 720w, https:\/\/home.agh.edu.pl\/~zareba\/wp-content\/uploads\/2019\/10\/zareba6-225x300.jpeg 225w\" sizes=\"(max-width: 377px) 100vw, 377px\" \/><figcaption> New Orleans,&nbsp;Louisiana US 2015 &#8211; SEG Annual Meeting<\/figcaption><\/figure><\/div>\n\n\n\n<figure class=\"wp-block-embed is-type-rich is-provider-obsluga-osadzania wp-block-embed-obsluga-osadzania\"><div class=\"wp-block-embed__wrapper\">\n<div class=\"fb-post\" data-href=\"https:\/\/www.facebook.com\/wggios.agh\/posts\/1085664028111185\/\" data-width=\"552\"><\/div>\n<\/div><\/figure>\n","protected":false},"excerpt":{"rendered":"<p>Dr in\u017c. Mateusz Zar\u0119ba (PhD) I use DATA SCIENCE to study and understand Earth and climate &#8211; for better environmental problem-solving and smarter city planning. Contact: zareba@agh.edu.pl Phone: +48 517 480 989 Address: Department of Geoinformatics and Applied Computer Science, Faculty of Geology, Geophysics and Environmental Protection, AGH University of Krakow, Adama Mickiewicza 30, 30-059,&hellip; <br \/> <a class=\"read-more\" href=\"https:\/\/home.agh.edu.pl\/~zareba\/?page_id=20\">Przeczytaj wi\u0119cej<\/a><\/p>\n","protected":false},"author":1,"featured_media":38,"parent":0,"menu_order":0,"comment_status":"closed","ping_status":"closed","template":"","meta":{"spay_email":""},"_links":{"self":[{"href":"https:\/\/home.agh.edu.pl\/~zareba\/index.php?rest_route=\/wp\/v2\/pages\/20"}],"collection":[{"href":"https:\/\/home.agh.edu.pl\/~zareba\/index.php?rest_route=\/wp\/v2\/pages"}],"about":[{"href":"https:\/\/home.agh.edu.pl\/~zareba\/index.php?rest_route=\/wp\/v2\/types\/page"}],"author":[{"embeddable":true,"href":"https:\/\/home.agh.edu.pl\/~zareba\/index.php?rest_route=\/wp\/v2\/users\/1"}],"replies":[{"embeddable":true,"href":"https:\/\/home.agh.edu.pl\/~zareba\/index.php?rest_route=%2Fwp%2Fv2%2Fcomments&post=20"}],"version-history":[{"count":24,"href":"https:\/\/home.agh.edu.pl\/~zareba\/index.php?rest_route=\/wp\/v2\/pages\/20\/revisions"}],"predecessor-version":[{"id":613,"href":"https:\/\/home.agh.edu.pl\/~zareba\/index.php?rest_route=\/wp\/v2\/pages\/20\/revisions\/613"}],"wp:featuredmedia":[{"embeddable":true,"href":"https:\/\/home.agh.edu.pl\/~zareba\/index.php?rest_route=\/wp\/v2\/media\/38"}],"wp:attachment":[{"href":"https:\/\/home.agh.edu.pl\/~zareba\/index.php?rest_route=%2Fwp%2Fv2%2Fmedia&parent=20"}],"curies":[{"name":"wp","href":"https:\/\/api.w.org\/{rel}","templated":true}]}}