{"id":24,"date":"2019-09-16T11:28:53","date_gmt":"2019-09-16T09:28:53","guid":{"rendered":"http:\/\/home.agh.edu.pl\/~zareba\/?page_id=24"},"modified":"2021-10-25T12:35:54","modified_gmt":"2021-10-25T10:35:54","slug":"konsultacje","status":"publish","type":"page","link":"https:\/\/home.agh.edu.pl\/~zareba\/?page_id=24","title":{"rendered":"Konsultacje"},"content":{"rendered":"\n<p>Pok\u00f3j 385, budynek A-0<\/p>\n\n\n\n<p><strong>Pi\u0105tek 18.30-20:00 <\/strong>&#8211; nale\u017cy wys\u0142a\u0107 maila z jednodniowym wyprzedzeniem<\/p>\n\n\n\n<p>e-mail: <strong>zareba@agh.edu.pl <\/strong><\/p>\n","protected":false},"excerpt":{"rendered":"<p>Pok\u00f3j 385, budynek A-0 Pi\u0105tek 18.30-20:00 &#8211; nale\u017cy wys\u0142a\u0107 maila z jednodniowym wyprzedzeniem e-mail: zareba@agh.edu.pl<\/p>\n","protected":false},"author":1,"featured_media":0,"parent":0,"menu_order":0,"comment_status":"closed","ping_status":"closed","template":"","meta":{"spay_email":""},"_links":{"self":[{"href":"https:\/\/home.agh.edu.pl\/~zareba\/index.php?rest_route=\/wp\/v2\/pages\/24"}],"collection":[{"href":"https:\/\/home.agh.edu.pl\/~zareba\/index.php?rest_route=\/wp\/v2\/pages"}],"about":[{"href":"https:\/\/home.agh.edu.pl\/~zareba\/index.php?rest_route=\/wp\/v2\/types\/page"}],"author":[{"embeddable":true,"href":"https:\/\/home.agh.edu.pl\/~zareba\/index.php?rest_route=\/wp\/v2\/users\/1"}],"replies":[{"embeddable":true,"href":"https:\/\/home.agh.edu.pl\/~zareba\/index.php?rest_route=%2Fwp%2Fv2%2Fcomments&post=24"}],"version-history":[{"count":7,"href":"https:\/\/home.agh.edu.pl\/~zareba\/index.php?rest_route=\/wp\/v2\/pages\/24\/revisions"}],"predecessor-version":[{"id":259,"href":"https:\/\/home.agh.edu.pl\/~zareba\/index.php?rest_route=\/wp\/v2\/pages\/24\/revisions\/259"}],"wp:attachment":[{"href":"https:\/\/home.agh.edu.pl\/~zareba\/index.php?rest_route=%2Fwp%2Fv2%2Fmedia&parent=24"}],"curies":[{"name":"wp","href":"https:\/\/api.w.org\/{rel}","templated":true}]}}