{"id":1875,"date":"2021-10-15T20:33:13","date_gmt":"2021-10-15T18:33:13","guid":{"rendered":"http:\/\/home.agh.edu.pl\/~zuchowsk\/?page_id=1875"},"modified":"2023-07-27T18:44:03","modified_gmt":"2023-07-27T16:44:03","slug":"publikacje","status":"publish","type":"page","link":"https:\/\/home.agh.edu.pl\/~zuchowsk\/?page_id=1875","title":{"rendered":"Publikacje"},"content":{"rendered":"\t\t<div data-elementor-type=\"wp-page\" data-elementor-id=\"1875\" class=\"elementor elementor-1875\" data-elementor-settings=\"[]\">\n\t\t\t\t\t\t<div class=\"elementor-inner\">\n\t\t\t\t\t\t\t<div class=\"elementor-section-wrap\">\n\t\t\t\t\t\t\t<section class=\"elementor-section elementor-top-section elementor-element elementor-element-7efa95c elementor-section-full_width elementor-section-height-default elementor-section-height-default\" data-id=\"7efa95c\" data-element_type=\"section\">\n\t\t\t\t\t\t<div class=\"elementor-container elementor-column-gap-default\">\n\t\t\t\t\t\t\t<div class=\"elementor-row\">\n\t\t\t\t\t<div class=\"elementor-column elementor-col-100 elementor-top-column elementor-element elementor-element-de55d5b\" data-id=\"de55d5b\" data-element_type=\"column\">\n\t\t\t<div class=\"elementor-column-wrap elementor-element-populated\">\n\t\t\t\t\t\t\t<div class=\"elementor-widget-wrap\">\n\t\t\t\t\t\t<div class=\"elementor-element elementor-element-3ca4813 elementor-widget elementor-widget-text-editor\" data-id=\"3ca4813\" data-element_type=\"widget\" data-widget_type=\"text-editor.default\">\n\t\t\t\t<div class=\"elementor-widget-container\">\n\t\t\t\t\t\t\t\t<div class=\"elementor-text-editor elementor-clearfix\">\n\t\t\t\t<p>Wszystkie publikacje s\u0105 dost\u0119pne na moim koncie w\u00a0<a href=\"https:\/\/badap.agh.edu.pl\/autor\/zuchowska-skiba-dorota-005100\">bibliografii pracownik\u00f3w naukowych AGH\u00a0<\/a><\/p><div><p>Dodatkowo z moimi osi\u0105gni\u0119cami naukowymi mo\u017cna si\u0119 zapozna\u0107 zapoznaj\u0105c si\u0119 z moimi profilami zawieraj\u0105caj\u0105cymi informacje o opublikowanych pracach naukowych i recenzjach:<\/p><p><a style=\"background-color: #ffffff; font-size: 0.9375rem;\" href=\"https:\/\/scholar.google.com\/citations?user=ZJ6t_b4AAAAJ&amp;hl=pl\">Google Scholar<\/a><\/p><p>ORCID: <a href=\"https:\/\/orcid.org\/0000-0002-8198-9900\">0000-0002-8198-9900<\/a><\/p><p>ResearcherID:\u00a0<a href=\"http:\/\/www.researcherid.com\/rid\/P-9110-2018\" target=\"_blank\" rel=\"noopener noreferrer\">P-9110-2018<\/a><\/p><p>ScopusID:\u00a0<a href=\"https:\/\/www.scopus.com\/authid\/detail.uri?authorId=57203296382\" target=\"_blank\" rel=\"noopener noreferrer\">57203296382<\/a><\/p><p><a href=\"https:\/\/sciprofiles.com\/profile\/dorotazuchowska\" target=\"_blank\" rel=\"noopener\">SCI Profiles<\/a><\/p><p>PBN:\u00a0<a href=\"https:\/\/pbn.nauka.gov.pl\/core\/#\/profile\/public\/5e70920b878c28a04738f08c\">901268<\/a><\/p><\/div><div><a href=\"https:\/\/publons.com\/researcher\/1563842\/dorota-zuchowska-skiba\/\" target=\"_blank\" rel=\"noopener\">Publons<\/a><\/div>\t\t\t\t\t<\/div>\n\t\t\t\t\t\t<\/div>\n\t\t\t\t<\/div>\n\t\t\t\t\t\t<\/div>\n\t\t\t\t\t<\/div>\n\t\t<\/div>\n\t\t\t\t\t\t\t\t<\/div>\n\t\t\t\t\t<\/div>\n\t\t<\/section>\n\t\t\t\t\t\t<\/div>\n\t\t\t\t\t\t<\/div>\n\t\t\t\t\t<\/div>\n\t\t","protected":false},"excerpt":{"rendered":"<p>Wszystkie publikacje s\u0105 dost\u0119pne na moim koncie w\u00a0bibliografii pracownik\u00f3w naukowych AGH\u00a0 Dodatkowo z moimi osi\u0105gni\u0119cami naukowymi mo\u017cna si\u0119 zapozna\u0107 zapoznaj\u0105c si\u0119 z moimi profilami zawieraj\u0105caj\u0105cymi informacje o opublikowanych pracach naukowych i recenzjach: Google Scholar ORCID: 0000-0002-8198-9900 ResearcherID:\u00a0P-9110-2018 ScopusID:\u00a057203296382 SCI Profiles PBN:\u00a0901268 Publons<\/p>\n","protected":false},"author":1,"featured_media":0,"parent":0,"menu_order":0,"comment_status":"closed","ping_status":"closed","template":"","meta":{"footnotes":""},"class_list":["post-1875","page","type-page","status-publish","hentry"],"_links":{"self":[{"href":"https:\/\/home.agh.edu.pl\/~zuchowsk\/index.php?rest_route=\/wp\/v2\/pages\/1875","targetHints":{"allow":["GET"]}}],"collection":[{"href":"https:\/\/home.agh.edu.pl\/~zuchowsk\/index.php?rest_route=\/wp\/v2\/pages"}],"about":[{"href":"https:\/\/home.agh.edu.pl\/~zuchowsk\/index.php?rest_route=\/wp\/v2\/types\/page"}],"author":[{"embeddable":true,"href":"https:\/\/home.agh.edu.pl\/~zuchowsk\/index.php?rest_route=\/wp\/v2\/users\/1"}],"replies":[{"embeddable":true,"href":"https:\/\/home.agh.edu.pl\/~zuchowsk\/index.php?rest_route=%2Fwp%2Fv2%2Fcomments&post=1875"}],"version-history":[{"count":60,"href":"https:\/\/home.agh.edu.pl\/~zuchowsk\/index.php?rest_route=\/wp\/v2\/pages\/1875\/revisions"}],"predecessor-version":[{"id":2493,"href":"https:\/\/home.agh.edu.pl\/~zuchowsk\/index.php?rest_route=\/wp\/v2\/pages\/1875\/revisions\/2493"}],"wp:attachment":[{"href":"https:\/\/home.agh.edu.pl\/~zuchowsk\/index.php?rest_route=%2Fwp%2Fv2%2Fmedia&parent=1875"}],"curies":[{"name":"wp","href":"https:\/\/api.w.org\/{rel}","templated":true}]}}