{"id":2037,"date":"2021-10-24T22:12:43","date_gmt":"2021-10-24T20:12:43","guid":{"rendered":"http:\/\/home.agh.edu.pl\/~zuchowsk\/?page_id=2037"},"modified":"2021-10-24T22:23:28","modified_gmt":"2021-10-24T20:23:28","slug":"podreczniki","status":"publish","type":"page","link":"https:\/\/home.agh.edu.pl\/~zuchowsk\/?page_id=2037","title":{"rendered":"Podr\u0119czniki"},"content":{"rendered":"\t\t<div data-elementor-type=\"wp-page\" data-elementor-id=\"2037\" class=\"elementor elementor-2037\" data-elementor-settings=\"[]\">\n\t\t\t\t\t\t<div class=\"elementor-inner\">\n\t\t\t\t\t\t\t<div class=\"elementor-section-wrap\">\n\t\t\t\t\t\t\t<section class=\"elementor-section elementor-top-section elementor-element elementor-element-d92eba2 elementor-section-boxed elementor-section-height-default elementor-section-height-default\" data-id=\"d92eba2\" data-element_type=\"section\">\n\t\t\t\t\t\t<div class=\"elementor-container elementor-column-gap-default\">\n\t\t\t\t\t\t\t<div class=\"elementor-row\">\n\t\t\t\t\t<div class=\"elementor-column elementor-col-50 elementor-top-column elementor-element elementor-element-0ecfa6b\" data-id=\"0ecfa6b\" data-element_type=\"column\">\n\t\t\t<div class=\"elementor-column-wrap elementor-element-populated\">\n\t\t\t\t\t\t\t<div class=\"elementor-widget-wrap\">\n\t\t\t\t\t\t<div class=\"elementor-element elementor-element-7310111 elementor-widget elementor-widget-text-editor\" data-id=\"7310111\" data-element_type=\"widget\" data-widget_type=\"text-editor.default\">\n\t\t\t\t<div class=\"elementor-widget-container\">\n\t\t\t\t\t\t\t\t<div class=\"elementor-text-editor elementor-clearfix\">\n\t\t\t\t<p><a href=\"https:\/\/epodreczniki.open.agh.edu.pl\/handbook\/33\/module\/1081\/reader\">Komunikacja spo\u0142eczna&nbsp;<\/a><\/p>\n<p><span title=\"wydawnictwo\">Krak\u00f3w : Akademia G\u00f3rniczo-Hutnicza im. Stanis\u0142awa Staszica w Krakowie<\/span>. 2<span title=\"rok wydania\">021<\/span>.&nbsp;<\/p>\t\t\t\t\t<\/div>\n\t\t\t\t\t\t<\/div>\n\t\t\t\t<\/div>\n\t\t\t\t\t\t<\/div>\n\t\t\t\t\t<\/div>\n\t\t<\/div>\n\t\t\t\t<div class=\"elementor-column elementor-col-50 elementor-top-column elementor-element elementor-element-f1fc2e4\" data-id=\"f1fc2e4\" data-element_type=\"column\">\n\t\t\t<div class=\"elementor-column-wrap elementor-element-populated\">\n\t\t\t\t\t\t\t<div class=\"elementor-widget-wrap\">\n\t\t\t\t\t\t<div class=\"elementor-element elementor-element-4cb68f4 elementor-widget elementor-widget-image\" data-id=\"4cb68f4\" data-element_type=\"widget\" data-widget_type=\"image.default\">\n\t\t\t\t<div class=\"elementor-widget-container\">\n\t\t\t\t\t\t\t\t<div class=\"elementor-image\">\n\t\t\t\t\t\t\t\t\t\t\t\t\t<a href=\"https:\/\/epodreczniki.open.agh.edu.pl\/handbook\/33\">\n\t\t\t\t\t\t\t<img loading=\"lazy\" decoding=\"async\" width=\"790\" height=\"527\" src=\"https:\/\/home.agh.edu.pl\/~zuchowsk\/wp-content\/uploads\/2021\/10\/Komunikacja-spoleczna.jpg\" class=\"attachment-large size-large\" alt=\"ok\u0142adka cz\u0142owiek ty\u0142em przed ekranem laptopa z roz\u0142o\u017con\u0105 ksi\u0105\u017ck\u0105\" srcset=\"https:\/\/home.agh.edu.pl\/~zuchowsk\/wp-content\/uploads\/2021\/10\/Komunikacja-spoleczna.jpg 900w, https:\/\/home.agh.edu.pl\/~zuchowsk\/wp-content\/uploads\/2021\/10\/Komunikacja-spoleczna-300x200.jpg 300w, https:\/\/home.agh.edu.pl\/~zuchowsk\/wp-content\/uploads\/2021\/10\/Komunikacja-spoleczna-768x512.jpg 768w\" sizes=\"auto, (max-width: 790px) 100vw, 790px\" \/>\t\t\t\t\t\t\t\t<\/a>\n\t\t\t\t\t\t\t\t\t\t\t\t\t\t<\/div>\n\t\t\t\t\t\t<\/div>\n\t\t\t\t<\/div>\n\t\t\t\t\t\t<\/div>\n\t\t\t\t\t<\/div>\n\t\t<\/div>\n\t\t\t\t\t\t\t\t<\/div>\n\t\t\t\t\t<\/div>\n\t\t<\/section>\n\t\t\t\t\t\t<\/div>\n\t\t\t\t\t\t<\/div>\n\t\t\t\t\t<\/div>\n\t\t","protected":false},"excerpt":{"rendered":"<p>Komunikacja spo\u0142eczna&nbsp; Krak\u00f3w : Akademia G\u00f3rniczo-Hutnicza im. Stanis\u0142awa Staszica w Krakowie. 2021.&nbsp;<\/p>\n","protected":false},"author":1,"featured_media":0,"parent":0,"menu_order":0,"comment_status":"closed","ping_status":"closed","template":"","meta":{"footnotes":""},"class_list":["post-2037","page","type-page","status-publish","hentry"],"_links":{"self":[{"href":"https:\/\/home.agh.edu.pl\/~zuchowsk\/index.php?rest_route=\/wp\/v2\/pages\/2037","targetHints":{"allow":["GET"]}}],"collection":[{"href":"https:\/\/home.agh.edu.pl\/~zuchowsk\/index.php?rest_route=\/wp\/v2\/pages"}],"about":[{"href":"https:\/\/home.agh.edu.pl\/~zuchowsk\/index.php?rest_route=\/wp\/v2\/types\/page"}],"author":[{"embeddable":true,"href":"https:\/\/home.agh.edu.pl\/~zuchowsk\/index.php?rest_route=\/wp\/v2\/users\/1"}],"replies":[{"embeddable":true,"href":"https:\/\/home.agh.edu.pl\/~zuchowsk\/index.php?rest_route=%2Fwp%2Fv2%2Fcomments&post=2037"}],"version-history":[{"count":7,"href":"https:\/\/home.agh.edu.pl\/~zuchowsk\/index.php?rest_route=\/wp\/v2\/pages\/2037\/revisions"}],"predecessor-version":[{"id":2055,"href":"https:\/\/home.agh.edu.pl\/~zuchowsk\/index.php?rest_route=\/wp\/v2\/pages\/2037\/revisions\/2055"}],"wp:attachment":[{"href":"https:\/\/home.agh.edu.pl\/~zuchowsk\/index.php?rest_route=%2Fwp%2Fv2%2Fmedia&parent=2037"}],"curies":[{"name":"wp","href":"https:\/\/api.w.org\/{rel}","templated":true}]}}